{"id":627,"date":"2019-06-06T15:37:11","date_gmt":"2019-06-06T13:37:11","guid":{"rendered":"https:\/\/medicaladvance.fr\/?page_id=627"},"modified":"2023-09-27T19:37:49","modified_gmt":"2023-09-27T17:37:49","slug":"politique-de-confidentialite-2","status":"publish","type":"page","link":"https:\/\/medicaladvance.fr\/?page_id=627","title":{"rendered":"Politique de confidentialit\u00e9"},"content":{"rendered":"<p>[et_pb_section fb_built=\u00a0\u00bb1&Prime; _builder_version=\u00a0\u00bb3.23.3&Prime; custom_padding=\u00a0\u00bb61px||0px|||\u00a0\u00bb][et_pb_row _builder_version=\u00a0\u00bb3.25&Prime;][et_pb_column type=\u00a0\u00bb4_4&Prime; _builder_version=\u00a0\u00bb3.25&Prime; custom_padding=\u00a0\u00bb|||\u00a0\u00bb custom_padding__hover=\u00a0\u00bb|||\u00a0\u00bb][et_pb_text _builder_version=\u00a0\u00bb4.8.2&Prime; header_font=\u00a0\u00bbPoppins||||||||\u00a0\u00bb header_text_align=\u00a0\u00bbcenter\u00a0\u00bb header_text_color=\u00a0\u00bb#3D4552&Prime; custom_margin=\u00a0\u00bb||-3px|||\u00a0\u00bb]<\/p>\n<h1 style=\"text-align: center;\"><b>Politique de confidentialit\u00e9<\/b><\/h1>\n<p>[\/et_pb_text][\/et_pb_column][\/et_pb_row][\/et_pb_section][et_pb_section fb_built=\u00a0\u00bb1&Prime; _builder_version=\u00a0\u00bb3.23.3&Prime;][et_pb_row _builder_version=\u00a0\u00bb3.25&Prime; custom_padding=\u00a0\u00bb0px|||||\u00a0\u00bb][et_pb_column type=\u00a0\u00bb4_4&Prime; _builder_version=\u00a0\u00bb3.25&Prime; custom_padding=\u00a0\u00bb|||\u00a0\u00bb custom_padding__hover=\u00a0\u00bb|||\u00a0\u00bb][et_pb_text _builder_version=\u00a0\u00bb4.8.2&Prime; text_font=\u00a0\u00bbPoppins||||||||\u00a0\u00bb text_text_color=\u00a0\u00bb#3D4552&Prime; text_font_size=\u00a0\u00bb15px\u00a0\u00bb]<\/p>\n<p><strong>Introduction<\/strong><br \/> Devant le d\u00e9veloppement des nouveaux outils de communication, il est n\u00e9cessaire de porter une attention particuli\u00e8re \u00e0 la protection de la vie priv\u00e9e. C\u2019est pourquoi, nous nous engageons \u00e0 respecter la confidentialit\u00e9 des renseignements personnels que nous collectons.<\/p>\n<hr \/>\n<h2>Collecte des renseignements personnels<\/h2>\n<p>Nous collectons les renseignements suivants :<\/p>\n<ul>\n<li>Nom<\/li>\n<li>Adresse \u00e9lectronique<\/li>\n<\/ul>\n<p>Les renseignements personnels que nous collectons sont recueillis au travers de formulaires et gr\u00e2ce \u00e0 l\u2019interactivit\u00e9 \u00e9tablie entre vous et notre site Web. Nous utilisons \u00e9galement, comme indiqu\u00e9 dans la section suivante, des fichiers t\u00e9moins et\/ou journaux pour r\u00e9unir des informations vous concernant.<\/p>\n<hr \/>\n<h2>Formulaires\u00a0 et interactivit\u00e9:<\/h2>\n<p>Vos renseignements personnels sont collect\u00e9s par le biais de formulaire, \u00e0 savoir :<\/p>\n<p>Nous utilisons les renseignements ainsi collect\u00e9s pour des finalit\u00e9s de contact.<\/p>\n<p>Vos renseignements sont \u00e9galement collect\u00e9s par le biais de l\u2019interactivit\u00e9 pouvant s\u2019\u00e9tablir entre vous et notre site Web et ce via notre formulaire de contact.<\/p>\n<p>Nous utilisons les renseignements ainsi collect\u00e9s pour la correspondance entre vous et Wintellis.<\/p>\n<hr \/>\n<h2>Droit d\u2019opposition et de retrait<\/h2>\n<p>Nous nous engageons \u00e0 vous offrir un droit d\u2019opposition et de retrait quant \u00e0 vos renseignements personnels.<br \/> Le droit d\u2019opposition s\u2019entend comme \u00e9tant la possiblit\u00e9 offerte aux internautes de refuser que leurs renseignements personnels soient utilis\u00e9es \u00e0 certaines fins mentionn\u00e9es lors de la collecte.<\/p>\n<p>Le droit de retrait s\u2019entend comme \u00e9tant la possiblit\u00e9 offerte aux internautes de demander \u00e0 ce que leurs renseignements personnels ne figurent plus, par exemple, dans une liste de diffusion.<\/p>\n<hr \/>\n<h2>S\u00e9curit\u00e9<\/h2>\n<p>Les renseignements personnels que nous collectons sont conserv\u00e9s dans un environnement s\u00e9curis\u00e9. Les personnes travaillant pour nous sont tenues de respecter la confidentialit\u00e9 de vos informations. Pour assurer la s\u00e9curit\u00e9 de vos renseignements personnels, nous avons recours au Protocole SSL (Secure Sockets Layer).<\/p>\n<p>Nous nous engageons \u00e0 maintenir un haut degr\u00e9 de confidentialit\u00e9 en int\u00e9grant les derni\u00e8res innovations technologiques permettant d\u2019assurer la confidentialit\u00e9 de vos transactions. Toutefois, comme aucun m\u00e9canisme n\u2019offre une s\u00e9curit\u00e9 maximale, une part de risque est toujours pr\u00e9sente lorsque l\u2019on utilise Internet pour transmettre des renseignements personnels.<\/p>\n<hr \/>\n<h2>L\u00e9gislation<\/h2>\n<p>Nous nous engageons \u00e0 respecter les dispositions l\u00e9gislatives \u00e9nonc\u00e9es dans la R\u00e9glementation G\u00e9n\u00e9rale de la Protection des Donn\u00e9es (RGPD).<\/p>\n<p>&nbsp;<\/p>\n<p>[\/et_pb_text][\/et_pb_column][\/et_pb_row][\/et_pb_section][et_pb_section fb_built=\u00a0\u00bb1&Prime; _builder_version=\u00a0\u00bb4.8.2&Prime; _module_preset=\u00a0\u00bbdefault\u00a0\u00bb custom_padding=\u00a0\u00bb0px||0px|||\u00a0\u00bb locked=\u00a0\u00bboff\u00a0\u00bb][et_pb_row _builder_version=\u00a0\u00bb4.8.2&Prime; _module_preset=\u00a0\u00bbdefault\u00a0\u00bb custom_padding=\u00a0\u00bb0px||0px||false|false\u00a0\u00bb][et_pb_column type=\u00a0\u00bb4_4&Prime; _builder_version=\u00a0\u00bb4.8.2&Prime; _module_preset=\u00a0\u00bbdefault\u00a0\u00bb][et_pb_code _builder_version=\u00a0\u00bb4.8.2&Prime; _module_preset=\u00a0\u00bbdefault\u00a0\u00bb]<script src=\"https:\/\/apps.elfsight.com\/p\/platform.js\" defer><\/script><!-- [et_pb_line_break_holder] --><\/p>\n<div class=\"elfsight-app-0b99ce31-0aa6-4e0b-9e83-815bc735e0fa\"><\/div>\n<p>[\/et_pb_code][\/et_pb_column][\/et_pb_row][\/et_pb_section]<\/p>\n","protected":false},"excerpt":{"rendered":"<p>Politique de confidentialit\u00e9Introduction Devant le d\u00e9veloppement des nouveaux outils de communication, il est n\u00e9cessaire de porter une attention particuli\u00e8re \u00e0 la protection de la vie priv\u00e9e. C\u2019est pourquoi, nous nous engageons \u00e0 respecter la confidentialit\u00e9 des renseignements personnels que nous collectons. Collecte des renseignements personnels Nous collectons les renseignements suivants : Nom Adresse \u00e9lectronique Les [&hellip;]<\/p>\n","protected":false},"author":1,"featured_media":0,"parent":0,"menu_order":0,"comment_status":"closed","ping_status":"closed","template":"","meta":{"_et_pb_use_builder":"on","_et_pb_old_content":"","_et_gb_content_width":"","footnotes":""},"class_list":["post-627","page","type-page","status-publish","hentry"],"yoast_head":"<!-- This site is optimized with the Yoast SEO plugin v26.6 - https:\/\/yoast.com\/wordpress\/plugins\/seo\/ -->\n<title>Politique de confidentialit\u00e9 - MedicalAdvance<\/title>\n<meta name=\"description\" content=\"ForAdvance prot\u00e8ge vos donn\u00e9es et s&#039;engage \u00e0 respecter la l\u00e9gislation, nous vous pr\u00e9sentons notre politique de confidentialit\u00e9.\" \/>\n<meta name=\"robots\" content=\"index, follow, max-snippet:-1, max-image-preview:large, max-video-preview:-1\" \/>\n<link rel=\"canonical\" href=\"https:\/\/medicaladvance.fr\/?page_id=627\" \/>\n<meta property=\"og:locale\" content=\"fr_FR\" \/>\n<meta property=\"og:type\" content=\"article\" \/>\n<meta property=\"og:title\" content=\"Politique de confidentialit\u00e9 - MedicalAdvance\" \/>\n<meta property=\"og:description\" content=\"ForAdvance prot\u00e8ge vos donn\u00e9es et s&#039;engage \u00e0 respecter la l\u00e9gislation, nous vous pr\u00e9sentons notre politique de confidentialit\u00e9.\" \/>\n<meta property=\"og:url\" content=\"https:\/\/medicaladvance.fr\/?page_id=627\" \/>\n<meta property=\"og:site_name\" content=\"MedicalAdvance\" \/>\n<meta property=\"article:modified_time\" content=\"2023-09-27T17:37:49+00:00\" \/>\n<meta name=\"twitter:card\" content=\"summary_large_image\" \/>\n<meta name=\"twitter:label1\" content=\"Dur\u00e9e de lecture estim\u00e9e\" \/>\n\t<meta name=\"twitter:data1\" content=\"3 minutes\" \/>\n<script type=\"application\/ld+json\" class=\"yoast-schema-graph\">{\"@context\":\"https:\/\/schema.org\",\"@graph\":[{\"@type\":\"WebPage\",\"@id\":\"https:\/\/medicaladvance.fr\/?page_id=627\",\"url\":\"https:\/\/medicaladvance.fr\/?page_id=627\",\"name\":\"Politique de confidentialit\u00e9 - MedicalAdvance\",\"isPartOf\":{\"@id\":\"https:\/\/medicaladvance.fr\/#website\"},\"datePublished\":\"2019-06-06T13:37:11+00:00\",\"dateModified\":\"2023-09-27T17:37:49+00:00\",\"description\":\"ForAdvance prot\u00e8ge vos donn\u00e9es et s'engage \u00e0 respecter la l\u00e9gislation, nous vous pr\u00e9sentons notre politique de confidentialit\u00e9.\",\"breadcrumb\":{\"@id\":\"https:\/\/medicaladvance.fr\/?page_id=627#breadcrumb\"},\"inLanguage\":\"fr-FR\",\"potentialAction\":[{\"@type\":\"ReadAction\",\"target\":[\"https:\/\/medicaladvance.fr\/?page_id=627\"]}]},{\"@type\":\"BreadcrumbList\",\"@id\":\"https:\/\/medicaladvance.fr\/?page_id=627#breadcrumb\",\"itemListElement\":[{\"@type\":\"ListItem\",\"position\":1,\"name\":\"Accueil\",\"item\":\"https:\/\/medicaladvance.fr\/\"},{\"@type\":\"ListItem\",\"position\":2,\"name\":\"Politique de confidentialit\u00e9\"}]},{\"@type\":\"WebSite\",\"@id\":\"https:\/\/medicaladvance.fr\/#website\",\"url\":\"https:\/\/medicaladvance.fr\/\",\"name\":\"MedicalAdvance\",\"description\":\"Des formations qui vous font avancer\",\"potentialAction\":[{\"@type\":\"SearchAction\",\"target\":{\"@type\":\"EntryPoint\",\"urlTemplate\":\"https:\/\/medicaladvance.fr\/?s={search_term_string}\"},\"query-input\":{\"@type\":\"PropertyValueSpecification\",\"valueRequired\":true,\"valueName\":\"search_term_string\"}}],\"inLanguage\":\"fr-FR\"}]}<\/script>\n<!-- \/ Yoast SEO plugin. -->","yoast_head_json":{"title":"Politique de confidentialit\u00e9 - MedicalAdvance","description":"ForAdvance prot\u00e8ge vos donn\u00e9es et s'engage \u00e0 respecter la l\u00e9gislation, nous vous pr\u00e9sentons notre politique de confidentialit\u00e9.","robots":{"index":"index","follow":"follow","max-snippet":"max-snippet:-1","max-image-preview":"max-image-preview:large","max-video-preview":"max-video-preview:-1"},"canonical":"https:\/\/medicaladvance.fr\/?page_id=627","og_locale":"fr_FR","og_type":"article","og_title":"Politique de confidentialit\u00e9 - MedicalAdvance","og_description":"ForAdvance prot\u00e8ge vos donn\u00e9es et s'engage \u00e0 respecter la l\u00e9gislation, nous vous pr\u00e9sentons notre politique de confidentialit\u00e9.","og_url":"https:\/\/medicaladvance.fr\/?page_id=627","og_site_name":"MedicalAdvance","article_modified_time":"2023-09-27T17:37:49+00:00","twitter_card":"summary_large_image","twitter_misc":{"Dur\u00e9e de lecture estim\u00e9e":"3 minutes"},"schema":{"@context":"https:\/\/schema.org","@graph":[{"@type":"WebPage","@id":"https:\/\/medicaladvance.fr\/?page_id=627","url":"https:\/\/medicaladvance.fr\/?page_id=627","name":"Politique de confidentialit\u00e9 - MedicalAdvance","isPartOf":{"@id":"https:\/\/medicaladvance.fr\/#website"},"datePublished":"2019-06-06T13:37:11+00:00","dateModified":"2023-09-27T17:37:49+00:00","description":"ForAdvance prot\u00e8ge vos donn\u00e9es et s'engage \u00e0 respecter la l\u00e9gislation, nous vous pr\u00e9sentons notre politique de confidentialit\u00e9.","breadcrumb":{"@id":"https:\/\/medicaladvance.fr\/?page_id=627#breadcrumb"},"inLanguage":"fr-FR","potentialAction":[{"@type":"ReadAction","target":["https:\/\/medicaladvance.fr\/?page_id=627"]}]},{"@type":"BreadcrumbList","@id":"https:\/\/medicaladvance.fr\/?page_id=627#breadcrumb","itemListElement":[{"@type":"ListItem","position":1,"name":"Accueil","item":"https:\/\/medicaladvance.fr\/"},{"@type":"ListItem","position":2,"name":"Politique de confidentialit\u00e9"}]},{"@type":"WebSite","@id":"https:\/\/medicaladvance.fr\/#website","url":"https:\/\/medicaladvance.fr\/","name":"MedicalAdvance","description":"Des formations qui vous font avancer","potentialAction":[{"@type":"SearchAction","target":{"@type":"EntryPoint","urlTemplate":"https:\/\/medicaladvance.fr\/?s={search_term_string}"},"query-input":{"@type":"PropertyValueSpecification","valueRequired":true,"valueName":"search_term_string"}}],"inLanguage":"fr-FR"}]}},"_links":{"self":[{"href":"https:\/\/medicaladvance.fr\/index.php?rest_route=\/wp\/v2\/pages\/627","targetHints":{"allow":["GET"]}}],"collection":[{"href":"https:\/\/medicaladvance.fr\/index.php?rest_route=\/wp\/v2\/pages"}],"about":[{"href":"https:\/\/medicaladvance.fr\/index.php?rest_route=\/wp\/v2\/types\/page"}],"author":[{"embeddable":true,"href":"https:\/\/medicaladvance.fr\/index.php?rest_route=\/wp\/v2\/users\/1"}],"replies":[{"embeddable":true,"href":"https:\/\/medicaladvance.fr\/index.php?rest_route=%2Fwp%2Fv2%2Fcomments&post=627"}],"version-history":[{"count":6,"href":"https:\/\/medicaladvance.fr\/index.php?rest_route=\/wp\/v2\/pages\/627\/revisions"}],"predecessor-version":[{"id":1466,"href":"https:\/\/medicaladvance.fr\/index.php?rest_route=\/wp\/v2\/pages\/627\/revisions\/1466"}],"wp:attachment":[{"href":"https:\/\/medicaladvance.fr\/index.php?rest_route=%2Fwp%2Fv2%2Fmedia&parent=627"}],"curies":[{"name":"wp","href":"https:\/\/api.w.org\/{rel}","templated":true}]}}